{"id":2,"date":"2015-10-30T17:35:12","date_gmt":"2015-10-30T17:35:12","guid":{"rendered":"http:\/\/salimarinsumos.com\/ejemplo11\/?page_id=2"},"modified":"2015-12-21T13:33:53","modified_gmt":"2015-12-21T13:33:53","slug":"pagina-ejemplo","status":"publish","type":"page","link":"http:\/\/salimarinsumos.com\/ejemplo11\/pagina-ejemplo\/","title":{"rendered":"Empresa"},"content":{"rendered":"<p><strong>DISTRIBUIDORA SALIMAR<\/strong> s.r.l. es una empresa con m\u00e1s de 50 a\u00f1os de trayectoria trabajando<br \/>\nen la distribuci\u00f3n de Insumos para la Industria Alimenticia.<\/p>\n<p>Ofrecemos una amplia variedad de productos para:<br \/>\nPanificadoras, Chocolater\u00edas, Helader\u00eda, Pasteler\u00eda, Gastronom\u00eda, Comercio, General, y m\u00e1s&#8230;.<\/p>\n<p><a href=\"http:\/\/salimarinsumos.com\/ejemplo11\/wp-content\/uploads\/Bienvenidos_pie1.jpg\"><img decoding=\"async\" loading=\"lazy\" class=\"alignleft wp-image-173 size-full\" title=\"Salimar insumos para la industria alimenticia\" src=\"http:\/\/salimarinsumos.com\/ejemplo11\/wp-content\/uploads\/Bienvenidos_pie1.jpg\" alt=\"\" width=\"900\" height=\"66\" srcset=\"http:\/\/salimarinsumos.com\/ejemplo11\/wp-content\/uploads\/Bienvenidos_pie1.jpg 900w, http:\/\/salimarinsumos.com\/ejemplo11\/wp-content\/uploads\/Bienvenidos_pie1-300x22.jpg 300w\" sizes=\"(max-width: 900px) 100vw, 900px\" \/><\/a><\/p>\n","protected":false},"excerpt":{"rendered":"<p>DISTRIBUIDORA SALIMAR s.r.l. es una empresa con m\u00e1s de 50 a\u00f1os de trayectoria trabajando en la distribuci\u00f3n de Insumos para la Industria Alimenticia. Ofrecemos una amplia variedad de productos para: Panificadoras, Chocolater\u00edas, Helader\u00eda, Pasteler\u00eda, Gastronom\u00eda, Comercio, General, y m\u00e1s&#8230;.<\/p>\n","protected":false},"author":1,"featured_media":0,"parent":0,"menu_order":0,"comment_status":"closed","ping_status":"open","template":"","meta":[],"_links":{"self":[{"href":"http:\/\/salimarinsumos.com\/ejemplo11\/wp-json\/wp\/v2\/pages\/2"}],"collection":[{"href":"http:\/\/salimarinsumos.com\/ejemplo11\/wp-json\/wp\/v2\/pages"}],"about":[{"href":"http:\/\/salimarinsumos.com\/ejemplo11\/wp-json\/wp\/v2\/types\/page"}],"author":[{"embeddable":true,"href":"http:\/\/salimarinsumos.com\/ejemplo11\/wp-json\/wp\/v2\/users\/1"}],"replies":[{"embeddable":true,"href":"http:\/\/salimarinsumos.com\/ejemplo11\/wp-json\/wp\/v2\/comments?post=2"}],"version-history":[{"count":6,"href":"http:\/\/salimarinsumos.com\/ejemplo11\/wp-json\/wp\/v2\/pages\/2\/revisions"}],"predecessor-version":[{"id":755,"href":"http:\/\/salimarinsumos.com\/ejemplo11\/wp-json\/wp\/v2\/pages\/2\/revisions\/755"}],"wp:attachment":[{"href":"http:\/\/salimarinsumos.com\/ejemplo11\/wp-json\/wp\/v2\/media?parent=2"}],"curies":[{"name":"wp","href":"https:\/\/api.w.org\/{rel}","templated":true}]}}