{"id":120,"date":"2015-11-18T20:08:02","date_gmt":"2015-11-18T20:08:02","guid":{"rendered":"http:\/\/salimarinsumos.com\/ejemplo11\/?page_id=120"},"modified":"2015-12-21T13:34:38","modified_gmt":"2015-12-21T13:34:38","slug":"bienvenidos","status":"publish","type":"page","link":"http:\/\/salimarinsumos.com\/ejemplo11\/","title":{"rendered":"Bienvenidos \u00b7 Distribuidora Salimar S.R.L."},"content":{"rendered":"<p><strong>SALIMAR<\/strong> es una empresa con m\u00e1s de 50 a\u00f1os de trayectoria trabajando en la<br \/>\ndistribuci\u00f3n de Insumos para la Industria Alimenticia.<\/p>\n<p>Ofrecemos una amplia variedad de productos para: Panificadoras, Chocolater\u00edas,<br \/>\nHelader\u00edas, Pasteler\u00eda, Gastronom\u00eda, Comercio, General, y m\u00e1s&#8230;<\/p>\n<p>&nbsp;<\/p>\n<p><a href=\"http:\/\/salimarinsumos.com\/ejemplo11\/wp-content\/uploads\/Bienvenidos_pie1.jpg\"><img decoding=\"async\" loading=\"lazy\" class=\"alignnone wp-image-173 size-full\" title=\"Salimar insumos para la industria alimenticia\" src=\"http:\/\/salimarinsumos.com\/ejemplo11\/wp-content\/uploads\/Bienvenidos_pie1.jpg\" alt=\"\" width=\"900\" height=\"66\" srcset=\"http:\/\/salimarinsumos.com\/ejemplo11\/wp-content\/uploads\/Bienvenidos_pie1.jpg 900w, http:\/\/salimarinsumos.com\/ejemplo11\/wp-content\/uploads\/Bienvenidos_pie1-300x22.jpg 300w\" sizes=\"(max-width: 900px) 100vw, 900px\" \/><\/a><\/p>\n","protected":false},"excerpt":{"rendered":"<p>SALIMAR es una empresa con m\u00e1s de 50 a\u00f1os de trayectoria trabajando en la distribuci\u00f3n de Insumos para la Industria Alimenticia. Ofrecemos una amplia variedad de productos para: Panificadoras, Chocolater\u00edas, Helader\u00edas, Pasteler\u00eda, Gastronom\u00eda, Comercio, General, y m\u00e1s&#8230; &nbsp;<\/p>\n","protected":false},"author":1,"featured_media":0,"parent":0,"menu_order":0,"comment_status":"closed","ping_status":"closed","template":"","meta":[],"_links":{"self":[{"href":"http:\/\/salimarinsumos.com\/ejemplo11\/wp-json\/wp\/v2\/pages\/120"}],"collection":[{"href":"http:\/\/salimarinsumos.com\/ejemplo11\/wp-json\/wp\/v2\/pages"}],"about":[{"href":"http:\/\/salimarinsumos.com\/ejemplo11\/wp-json\/wp\/v2\/types\/page"}],"author":[{"embeddable":true,"href":"http:\/\/salimarinsumos.com\/ejemplo11\/wp-json\/wp\/v2\/users\/1"}],"replies":[{"embeddable":true,"href":"http:\/\/salimarinsumos.com\/ejemplo11\/wp-json\/wp\/v2\/comments?post=120"}],"version-history":[{"count":12,"href":"http:\/\/salimarinsumos.com\/ejemplo11\/wp-json\/wp\/v2\/pages\/120\/revisions"}],"predecessor-version":[{"id":756,"href":"http:\/\/salimarinsumos.com\/ejemplo11\/wp-json\/wp\/v2\/pages\/120\/revisions\/756"}],"wp:attachment":[{"href":"http:\/\/salimarinsumos.com\/ejemplo11\/wp-json\/wp\/v2\/media?parent=120"}],"curies":[{"name":"wp","href":"https:\/\/api.w.org\/{rel}","templated":true}]}}